{"id":1539,"date":"2023-02-06T00:33:09","date_gmt":"2023-02-06T00:33:09","guid":{"rendered":"https:\/\/ozelklinikabir.com\/randevu\/"},"modified":"2023-02-06T00:33:09","modified_gmt":"2023-02-06T00:33:09","slug":"randevu","status":"publish","type":"page","link":"https:\/\/ozelklinikabir.com\/de\/randevu\/","title":{"rendered":"Randevu"},"content":{"rendered":"\t\t<div data-elementor-type=\"wp-page\" data-elementor-id=\"1539\" class=\"elementor elementor-1539 elementor-485\" data-elementor-post-type=\"page\">\n\t\t\t\t\t\t<section class=\"elementor-section elementor-top-section elementor-element elementor-element-d435076 elementor-section-boxed elementor-section-height-default elementor-section-height-default\" data-id=\"d435076\" data-element_type=\"section\">\n\t\t\t\t\t\t<div class=\"elementor-container elementor-column-gap-default\">\n\t\t\t\t\t<div class=\"elementor-column elementor-col-100 elementor-top-column elementor-element elementor-element-cfaa5e8\" data-id=\"cfaa5e8\" data-element_type=\"column\">\n\t\t\t<div class=\"elementor-widget-wrap elementor-element-populated\">\n\t\t\t\t\t\t<div class=\"elementor-element elementor-element-d0a6a85 elementor-widget elementor-widget-shortcode\" data-id=\"d0a6a85\" data-element_type=\"widget\" data-widget_type=\"shortcode.default\">\n\t\t\t\t<div class=\"elementor-widget-container\">\n\t\t\t\t\t\t\t<div class=\"elementor-shortcode\">\n<div class=\"wpcf7 no-js\" id=\"wpcf7-f113-o1\" lang=\"en-US\" dir=\"ltr\" data-wpcf7-id=\"113\">\n<div class=\"screen-reader-response\"><p role=\"status\" aria-live=\"polite\" aria-atomic=\"true\"><\/p> <ul><\/ul><\/div>\n<form action=\"\/de\/wp-json\/wp\/v2\/pages\/1539#wpcf7-f113-o1\" method=\"post\" class=\"wpcf7-form init\" aria-label=\"Contact form\" novalidate=\"novalidate\" data-status=\"init\">\n<div style=\"display: none;\">\n<input type=\"hidden\" name=\"_wpcf7\" value=\"113\" \/>\n<input type=\"hidden\" name=\"_wpcf7_version\" value=\"6.0.3\" \/>\n<input type=\"hidden\" name=\"_wpcf7_locale\" value=\"en_US\" \/>\n<input type=\"hidden\" name=\"_wpcf7_unit_tag\" value=\"wpcf7-f113-o1\" \/>\n<input type=\"hidden\" name=\"_wpcf7_container_post\" value=\"0\" \/>\n<input type=\"hidden\" name=\"_wpcf7_posted_data_hash\" value=\"\" \/>\n<input type=\"hidden\" name=\"_wpcf7_recaptcha_response\" value=\"\" \/>\n<\/div>\n<style>\ninput.wpcf7-form-control.has-spinner.wpcf7-submit.btn.ss-btn {\n float: right;\n margin-top: 30px;\n}\n<\/style>\n<div class=\"contact-form\">\n\t<div class=\"row\">\n\t\t<div class=\"col-lg-6\">\n\t\t\t<div class=\"contact-field p-relative c-name\">\n\t\t\t\t<p><span class=\"wpcf7-form-control-wrap\" data-name=\"names\"><input size=\"40\" maxlength=\"400\" class=\"wpcf7-form-control wpcf7-text wpcf7-validates-as-required\" aria-required=\"true\" aria-invalid=\"false\" placeholder=\"Ad\u0131n\u0131z\" value=\"\" type=\"text\" name=\"names\" \/><\/span>\n\t\t\t\t<\/p>\n\t\t\t<\/div>\n\t\t<\/div>\n\t\t<div class=\"col-lg-6\">\n\t\t\t<div class=\"contact-field p-relative c-name\">\n\t\t\t\t<p><span class=\"wpcf7-form-control-wrap\" data-name=\"surnames\"><input size=\"40\" maxlength=\"400\" class=\"wpcf7-form-control wpcf7-text wpcf7-validates-as-required\" aria-required=\"true\" aria-invalid=\"false\" placeholder=\"Soyad\u0131n\u0131z\" value=\"\" type=\"text\" name=\"surnames\" \/><\/span>\n\t\t\t\t<\/p>\n\t\t\t<\/div>\n\t\t<\/div>\n\t\t<div class=\"col-lg-6\">\n\t\t\t<div class=\"contact-field p-relative c-name\">\n\t\t\t\t<p><span class=\"wpcf7-form-control-wrap\" data-name=\"email-647\"><input size=\"40\" maxlength=\"400\" class=\"wpcf7-form-control wpcf7-email wpcf7-validates-as-required wpcf7-text wpcf7-validates-as-email\" aria-required=\"true\" aria-invalid=\"false\" placeholder=\"Eposta Adresiniz\" value=\"\" type=\"email\" name=\"email-647\" \/><\/span>\n\t\t\t\t<\/p>\n\t\t\t<\/div>\n\t\t<\/div>\n\t\t<div class=\"col-lg-6\">\n\t\t\t<div class=\"contact-field p-relative c-name\">\n\t\t\t\t<p><span class=\"wpcf7-form-control-wrap\" data-name=\"your-phone\"><input size=\"40\" maxlength=\"400\" class=\"wpcf7-form-control wpcf7-text wpcf7-validates-as-required\" aria-required=\"true\" aria-invalid=\"false\" placeholder=\"Telefon Numaran\u0131z\" value=\"\" type=\"text\" name=\"your-phone\" \/><\/span>\n\t\t\t\t<\/p>\n\t\t\t<\/div>\n\t\t<\/div>\n\t\t<div class=\"col-lg-6\">\n\t\t\t<div class=\"contact-field p-relative c-email\">\n\t\t\t\t<p><span class=\"wpcf7-form-control-wrap\" data-name=\"doctor\"><select class=\"wpcf7-form-control wpcf7-select wpcf7-validates-as-required custom-select\" id=\"inputGroupSelect04\" aria-required=\"true\" aria-invalid=\"false\" name=\"doctor\"><option value=\"Doktor Se\u00e7iniz\">Doktor Se\u00e7iniz<\/option><option value=\"Dt. Ramazan \u0130nkaya\">Dt. Ramazan \u0130nkaya<\/option><option value=\"Dt. Fatma Nagehan T\u00fcrk\">Dt. Fatma Nagehan T\u00fcrk<\/option><option value=\"Dt. Furkan \u0130zzet Bayrakc\u0131\">Dt. Furkan \u0130zzet Bayrakc\u0131<\/option><option value=\"Dt. \u015eevki T\u0131\u011fl\u0131\">Dt. \u015eevki T\u0131\u011fl\u0131<\/option><\/select><\/span>\n\t\t\t\t<\/p>\n\t\t\t<\/div>\n\t\t<\/div>\n\t\t<div class=\"col-lg-6\">\n\t\t\t<div class=\"contact-field p-relative c-subject mb-20\">\n\t\t\t\t<p><span class=\"wpcf7-form-control-wrap\" data-name=\"department\"><select class=\"wpcf7-form-control wpcf7-select wpcf7-validates-as-required custom-select\" aria-required=\"true\" aria-invalid=\"false\" name=\"department\"><option value=\"Sa\u011fl\u0131k Probleminizi Se\u00e7iniz.\">Sa\u011fl\u0131k Probleminizi Se\u00e7iniz.<\/option><option value=\"Di\u015f Beyazlatma\">Di\u015f Beyazlatma<\/option><option value=\"Ortodonti (Di\u015f Teli)\">Ortodonti (Di\u015f Teli)<\/option><option value=\"Protetik Di\u015f Tedavisi\">Protetik Di\u015f Tedavisi<\/option><option value=\"\u0130mplant Uygulamas\u0131\">\u0130mplant Uygulamas\u0131<\/option><option value=\"A\u011f\u0131z Di\u015f ve \u00c7ene Cerrahisi\">A\u011f\u0131z Di\u015f ve \u00c7ene Cerrahisi<\/option><option value=\"Endodonti (Kanal Tedavisi)\">Endodonti (Kanal Tedavisi)<\/option><option value=\"Pedodonti (\u00c7ocuk Di\u015f Hekimli\u011fi)\">Pedodonti (\u00c7ocuk Di\u015f Hekimli\u011fi)<\/option><option value=\"Periodontoloji (Di\u015f Eti Tedavileri)\">Periodontoloji (Di\u015f Eti Tedavileri)<\/option><option value=\"G\u00fcl\u00fc\u015f Tasar\u0131m\u0131 (Zirkon Kaplama, Porselen Lamina)\">G\u00fcl\u00fc\u015f Tasar\u0131m\u0131 (Zirkon Kaplama, Porselen Lamina)<\/option><option value=\"Restoratif Di\u015f Hekimli\u011fi (Dolgu, Kompozit Lamina)\">Restoratif Di\u015f Hekimli\u011fi (Dolgu, Kompozit Lamina)<\/option><\/select><\/span>\n\t\t\t\t<\/p>\n\t\t\t<\/div>\n\t\t<\/div>\n\t\t<div class=\"col-lg-6\">\n\t\t\t<div class=\"contact-field p-relative c-subject mb-20\">\n\t\t\t\t<p>Randevu Tarihi<br \/>\n<span class=\"wpcf7-form-control-wrap\" data-name=\"date-186\"><input class=\"wpcf7-form-control wpcf7-date wpcf7-validates-as-required wpcf7-validates-as-date\" aria-required=\"true\" aria-invalid=\"false\" value=\"\" type=\"date\" name=\"date-186\" \/><\/span>\n\t\t\t\t<\/p>\n\t\t\t<\/div>\n\t\t<\/div>\n\t\t<div class=\"col-lg-6\">\n\t\t<input class=\"wpcf7-form-control wpcf7-hidden\" value=\"Tedavi Ba\u015fvuru Formu\" type=\"hidden\" name=\"title\" \/>\n\t\t\t<p><input class=\"wpcf7-form-control wpcf7-submit has-spinner btn ss-btn\" type=\"submit\" value=\"Randevu Talep Et\" \/>\n\t\t\t<\/p>\n\t\t<\/div>\n\t\t<div class=\"col-lg-12\">\n\t\t\t<p><span class=\"wpcf7-form-control-wrap\" data-name=\"your-message\"><textarea cols=\"40\" rows=\"10\" maxlength=\"2000\" class=\"wpcf7-form-control wpcf7-textarea your-message\" readonly=\"readonly\" aria-invalid=\"false\" name=\"your-message\"><\/textarea><\/span>\n\t\t\t<\/p>\n\t\t<\/div>\n\t<\/div>\n<\/div>\n<p><script>\njQuery(document).ready(function($) {\n \/\/ Function to update your-message field\n function updateYourMessage() {\n var doctor = $('[name=\"doctor\"]').val();\n var department = $('[name=\"department\"]').val();\n var date = $('[name=\"date-186\"]').val();\n var message = 'Doktor: ' + doctor + '\\nDepartman: ' + department + '\\nRandevu Tarihi: ' + date;\n $('.your-message').val(message);\n }\n\n \/\/ Update your-message field when doctor, department, or date-186 changes\n $('[name=\"doctor\"], [name=\"department\"], [name=\"date-186\"]').change(function() {\n updateYourMessage();\n });\n\n \/\/ Initialize your-message field\n updateYourMessage();\n});\n<\/script>\n<\/p><div class=\"wpcf7-response-output\" aria-hidden=\"true\"><\/div>\n<\/form>\n<\/div>\n<\/div>\n\t\t\t\t\t\t<\/div>\n\t\t\t\t<\/div>\n\t\t\t\t\t<\/div>\n\t\t<\/div>\n\t\t\t\t\t<\/div>\n\t\t<\/section>\n\t\t\t\t<\/div>\n\t\t","protected":false},"excerpt":{"rendered":"","protected":false},"author":1,"featured_media":0,"parent":0,"menu_order":0,"comment_status":"closed","ping_status":"closed","template":"","meta":{"footnotes":""},"class_list":["post-1539","page","type-page","status-publish","hentry"],"_links":{"self":[{"href":"https:\/\/ozelklinikabir.com\/de\/wp-json\/wp\/v2\/pages\/1539","targetHints":{"allow":["GET"]}}],"collection":[{"href":"https:\/\/ozelklinikabir.com\/de\/wp-json\/wp\/v2\/pages"}],"about":[{"href":"https:\/\/ozelklinikabir.com\/de\/wp-json\/wp\/v2\/types\/page"}],"author":[{"embeddable":true,"href":"https:\/\/ozelklinikabir.com\/de\/wp-json\/wp\/v2\/users\/1"}],"replies":[{"embeddable":true,"href":"https:\/\/ozelklinikabir.com\/de\/wp-json\/wp\/v2\/comments?post=1539"}],"version-history":[{"count":0,"href":"https:\/\/ozelklinikabir.com\/de\/wp-json\/wp\/v2\/pages\/1539\/revisions"}],"wp:attachment":[{"href":"https:\/\/ozelklinikabir.com\/de\/wp-json\/wp\/v2\/media?parent=1539"}],"curies":[{"name":"wp","href":"https:\/\/api.w.org\/{rel}","templated":true}]}}