{"id":1527,"date":"2020-08-04T03:19:26","date_gmt":"2020-08-04T03:19:26","guid":{"rendered":"https:\/\/ozelklinikabir.com\/branslarimiz\/"},"modified":"2024-03-15T18:08:00","modified_gmt":"2024-03-15T18:08:00","slug":"unsere-filialen","status":"publish","type":"page","link":"https:\/\/ozelklinikabir.com\/de\/unsere-filialen\/","title":{"rendered":"Unsere Filialen"},"content":{"rendered":"\t\t<div data-elementor-type=\"wp-post\" data-elementor-id=\"1527\" class=\"elementor elementor-1527 elementor-85\" data-elementor-post-type=\"page\">\n\t\t\t\t\t\t<section class=\"elementor-section elementor-top-section elementor-element elementor-element-6b1e8da elementor-section-full_width elementor-section-height-default elementor-section-height-default\" data-id=\"6b1e8da\" data-element_type=\"section\">\n\t\t\t\t\t\t<div class=\"elementor-container elementor-column-gap-no\">\n\t\t\t\t\t<div class=\"elementor-column elementor-col-100 elementor-top-column elementor-element elementor-element-5dbb866\" data-id=\"5dbb866\" data-element_type=\"column\">\n\t\t\t<div class=\"elementor-widget-wrap elementor-element-populated\">\n\t\t\t\t\t\t<div class=\"elementor-element elementor-element-ac010d3 elementor-align-left elementor-widget elementor-widget-bdevs-banner\" data-id=\"ac010d3\" data-element_type=\"widget\" data-widget_type=\"bdevs-banner.default\">\n\t\t\t\t<div class=\"elementor-widget-container\">\n\t\t\t\t\t\t\t<!-- breadcrumb-area -->\r\n        <section class=\"breadcrumb-area d-flex align-items-center\" style=\"background-image:url(https:\/\/ozelklinikabir.com\/wp-content\/uploads\/2020\/11\/test-bg.png)\">\r\n            <div class=\"container\">\r\n                <div class=\"row\">\r\n                    <div class=\"col-xl-6 offset-xl-3 col-lg-8 offset-lg-2\">\r\n                        <div class=\"breadcrumb-wrap text-center\">\r\n                            <div class=\"breadcrumb-title mb-30\">\r\n                                <h2>Unsere Filialen<\/h2>                                    \r\n                            <\/div>\r\n                                                        <nav aria-label=\"breadcrumb\">\r\n                                <ol class=\"breadcrumb\">\r\n                                    <li class=\"breadcrumb-item\"><a href=\"https:\/\/ozelklinikabir.com\/de\/\">Startseite<\/a><\/li>\r\n                                    <li class=\"breadcrumb-item active\" aria-current=\"page\">Unsere Filialen<\/li>\r\n                                <\/ol>\r\n                            <\/nav>\r\n                        \t                        <\/div>\r\n                    <\/div>\r\n                <\/div>\r\n            <\/div>\r\n        <\/section>\r\n        <!-- breadcrumb-area-end -->\r\n\t\t\t\t\t<\/div>\n\t\t\t\t<\/div>\n\t\t\t\t\t<\/div>\n\t\t<\/div>\n\t\t\t\t\t<\/div>\n\t\t<\/section>\n\t\t\t\t<section class=\"elementor-section elementor-top-section elementor-element elementor-element-57df17b elementor-section-full_width elementor-section-height-default elementor-section-height-default\" data-id=\"57df17b\" data-element_type=\"section\">\n\t\t\t\t\t\t<div class=\"elementor-container elementor-column-gap-no\">\n\t\t\t\t\t<div class=\"elementor-column elementor-col-100 elementor-top-column elementor-element elementor-element-b0ebe2e\" data-id=\"b0ebe2e\" data-element_type=\"column\">\n\t\t\t<div class=\"elementor-widget-wrap elementor-element-populated\">\n\t\t\t\t\t\t<div class=\"elementor-element elementor-element-c2c8e7f elementor-align-left elementor-widget elementor-widget-bdevs-project\" data-id=\"c2c8e7f\" data-element_type=\"widget\" data-widget_type=\"bdevs-project.default\">\n\t\t\t\t<div class=\"elementor-widget-container\">\n\t\t\t\t\t\t\t<!-- department-area -->\n        <section class=\"department-area cta-bg pb-70 mt-10 fix\" style=\"background-image:url(https:\/\/ozelklinikabir.com\/wp-content\/uploads\/2023\/02\/an-bg05.png); background-size: contain;\">\n            <div class=\"container\">\n                <div class=\"row align-items-center\">\n                    <div class=\"col-lg-6\">\n                        <div class=\"section-title mb-50  \" >\n                        \t                                                    <\/div>\n                        <ul>\n                        \t\t\t\t\t\t\t\t\t\t\t\t\t\t\t                            <li>\n                                <div class=\"icon\">\n                                    <div><img decoding=\"async\" src=\"\" alt=\"icon\"><\/div>\n                                <\/div> \n                                <a href=\"https:\/\/ozelklinikabir.com\/de\/services\/implant-anwendung\/\" class=\"text\">\n                                    <h3>Implantatanwendung<\/h3>\n                                                                    <\/a>\n                            <\/li>\n                        \t\t\t\t\t\t\t\t\t\t\t\t\t\t\t                            <li>\n                                <div class=\"icon\">\n                                    <div><img decoding=\"async\" src=\"\" alt=\"icon\"><\/div>\n                                <\/div> \n                                <a href=\"https:\/\/ozelklinikabir.com\/de\/services\/laechelndes-design-zirkonverblendung-porzellanschale\/\" class=\"text\">\n                                    <h3>L\u00e4cheln-Design (Zirkonfurnier, Porzellanlamina)<\/h3>\n                                                                    <\/a>\n                            <\/li>\n                        \t\t\t\t\t\t\t\t\t\t\t\t\t\t\t                            <li>\n                                <div class=\"icon\">\n                                    <div><img decoding=\"async\" src=\"\" alt=\"icon\"><\/div>\n                                <\/div> \n                                <a href=\"https:\/\/ozelklinikabir.com\/de\/services\/prothetische-zahnbehandlung\/\" class=\"text\">\n                                    <h3>Prothetische Behandlung<\/h3>\n                                                                    <\/a>\n                            <\/li>\n                        \t\t\t\t\t\t\t\t\t\t\t\t\t\t\t                            <li>\n                                <div class=\"icon\">\n                                    <div><img decoding=\"async\" src=\"\" alt=\"icon\"><\/div>\n                                <\/div> \n                                <a href=\"https:\/\/ozelklinikabir.com\/de\/services\/oral-dental-und-kieferchirurgie\/\" class=\"text\">\n                                    <h3>Mund-, Kiefer- und Gesichtschirurgie<\/h3>\n                                                                    <\/a>\n                            <\/li>\n                        \t\t\t\t\t\t\t\t\t\t\t\t\t\t\t                            <li>\n                                <div class=\"icon\">\n                                    <div><img decoding=\"async\" src=\"\" alt=\"icon\"><\/div>\n                                <\/div> \n                                <a href=\"https:\/\/ozelklinikabir.com\/de\/services\/parodontologie-zahnfleischbehandlungen\/\" class=\"text\">\n                                    <h3>Parodontologie (Zahnfleischbehandlungen)<\/h3>\n                                                                    <\/a>\n                            <\/li>\n                        \t\t\t\t\t\t\t\t\t\t\t\t\t\t\t                            <li>\n                                <div class=\"icon\">\n                                    <div><img decoding=\"async\" src=\"\" alt=\"icon\"><\/div>\n                                <\/div> \n                                <a href=\"https:\/\/ozelklinikabir.com\/de\/services\/endodontie-wurzelkanalbehandlung\/\" class=\"text\">\n                                    <h3>Endodontie (Wurzelbehandlung)<\/h3>\n                                                                    <\/a>\n                            <\/li>\n                        \t\t\t\t\t\t\t\t\t\t\t\t\t\t\t                            <li>\n                                <div class=\"icon\">\n                                    <div><img decoding=\"async\" src=\"\" alt=\"icon\"><\/div>\n                                <\/div> \n                                <a href=\"https:\/\/ozelklinikabir.com\/de\/services\/restaurative-zahnheilkunde-fuellung-kompositlamina\/\" class=\"text\">\n                                    <h3>Restaurative Zahnheilkunde (F\u00fcllung, Kompositlamina)<\/h3>\n                                                                    <\/a>\n                            <\/li>\n                        \t\t\t\t\t\t\t\t\t\t\t\t\t\t\t                            <li>\n                                <div class=\"icon\">\n                                    <div><img decoding=\"async\" src=\"\" alt=\"icon\"><\/div>\n                                <\/div> \n                                <a href=\"https:\/\/ozelklinikabir.com\/de\/services\/kieferorthopaedie-zahnspange\/\" class=\"text\">\n                                    <h3>Kieferorthop\u00e4die (Zahnspangen)<\/h3>\n                                                                    <\/a>\n                            <\/li>\n                        \t\t\t\t\t\t\t\t\t\t\t\t\t\t\t                            <li>\n                                <div class=\"icon\">\n                                    <div><img decoding=\"async\" src=\"\" alt=\"icon\"><\/div>\n                                <\/div> \n                                <a href=\"https:\/\/ozelklinikabir.com\/de\/services\/pedodontie-kinderzahnmedizin\/\" class=\"text\">\n                                    <h3>P\u00e4dodontie (Kinderzahnheilkunde)<\/h3>\n                                                                    <\/a>\n                            <\/li>\n                        \t\t\t\t\t\t\t\t\t\t\t\t\t\t\t                            <li>\n                                <div class=\"icon\">\n                                    <div><img decoding=\"async\" src=\"\" alt=\"icon\"><\/div>\n                                <\/div> \n                                <a href=\"https:\/\/ozelklinikabir.com\/de\/services\/zahnaufhellung\/\" class=\"text\">\n                                    <h3>Zahnaufhellung<\/h3>\n                                                                    <\/a>\n                            <\/li>\n                        \t                        <\/ul>\n                                         \n                    <\/div>\n\t\t\t\t    <div class=\"col-lg-6\">\n                        <div class=\"s-d-img p-relative\">\n                            <img decoding=\"async\" src=\"https:\/\/ozelklinikabir.com\/wp-content\/uploads\/2020\/11\/de-illustration.png\" alt=\"img\">\n                            \n                        <\/div>\n                                         \n                    <\/div>\n                <\/div>\n            <\/div>\n        <\/section>\n        <!-- department-area-end -->\n\t\t\t\t\t<\/div>\n\t\t\t\t<\/div>\n\t\t\t\t\t<\/div>\n\t\t<\/div>\n\t\t\t\t\t<\/div>\n\t\t<\/section>\n\t\t\t\t<\/div>\n\t\t","protected":false},"excerpt":{"rendered":"<p>Unsere Filialen Startseite Unsere Filialen Implantatanwendung L\u00e4cheln-Design (Zirkonfurnier, Porzellanlamina) Prothetische Behandlung Mund-, Kiefer- und Gesichtschirurgie Parodontologie (Zahnfleischbehandlungen) Endodontie (Wurzelbehandlung) Restaurative Zahnheilkunde (F\u00fcllung, Kompositlamina) Kieferorthop\u00e4die (Zahnspangen) P\u00e4dodontie (Kinderzahnheilkunde) Zahnaufhellung<\/p>\n","protected":false},"author":1,"featured_media":0,"parent":0,"menu_order":0,"comment_status":"closed","ping_status":"closed","template":"page-templates\/page-builder.php","meta":{"footnotes":""},"class_list":["post-1527","page","type-page","status-publish","hentry"],"_links":{"self":[{"href":"https:\/\/ozelklinikabir.com\/de\/wp-json\/wp\/v2\/pages\/1527","targetHints":{"allow":["GET"]}}],"collection":[{"href":"https:\/\/ozelklinikabir.com\/de\/wp-json\/wp\/v2\/pages"}],"about":[{"href":"https:\/\/ozelklinikabir.com\/de\/wp-json\/wp\/v2\/types\/page"}],"author":[{"embeddable":true,"href":"https:\/\/ozelklinikabir.com\/de\/wp-json\/wp\/v2\/users\/1"}],"replies":[{"embeddable":true,"href":"https:\/\/ozelklinikabir.com\/de\/wp-json\/wp\/v2\/comments?post=1527"}],"version-history":[{"count":8,"href":"https:\/\/ozelklinikabir.com\/de\/wp-json\/wp\/v2\/pages\/1527\/revisions"}],"predecessor-version":[{"id":2354,"href":"https:\/\/ozelklinikabir.com\/de\/wp-json\/wp\/v2\/pages\/1527\/revisions\/2354"}],"wp:attachment":[{"href":"https:\/\/ozelklinikabir.com\/de\/wp-json\/wp\/v2\/media?parent=1527"}],"curies":[{"name":"wp","href":"https:\/\/api.w.org\/{rel}","templated":true}]}}