{"id":1159,"date":"2020-08-04T03:19:26","date_gmt":"2020-08-04T03:19:26","guid":{"rendered":"https:\/\/ozelklinikabir.com\/%d8%aa%d8%ae%d8%b5%d8%b5%d8%a7%d8%aa%d9%86%d8%a7\/"},"modified":"2023-12-30T09:35:41","modified_gmt":"2023-12-30T09:35:41","slug":"%d8%aa%d8%ae%d8%b5%d8%b5%d8%a7%d8%aa%d9%86%d8%a7","status":"publish","type":"page","link":"https:\/\/ozelklinikabir.com\/ar\/%d8%aa%d8%ae%d8%b5%d8%b5%d8%a7%d8%aa%d9%86%d8%a7\/","title":{"rendered":"\u062a\u062e\u0635\u0635\u0627\u062a\u0646\u0627"},"content":{"rendered":"\t\t<div data-elementor-type=\"wp-post\" data-elementor-id=\"1159\" class=\"elementor elementor-1159 elementor-85\" data-elementor-post-type=\"page\">\n\t\t\t\t\t\t<section class=\"elementor-section elementor-top-section elementor-element elementor-element-6b1e8da elementor-section-full_width elementor-section-height-default elementor-section-height-default\" data-id=\"6b1e8da\" data-element_type=\"section\">\n\t\t\t\t\t\t<div class=\"elementor-container elementor-column-gap-no\">\n\t\t\t\t\t<div class=\"elementor-column elementor-col-100 elementor-top-column elementor-element elementor-element-5dbb866\" data-id=\"5dbb866\" data-element_type=\"column\">\n\t\t\t<div class=\"elementor-widget-wrap elementor-element-populated\">\n\t\t\t\t\t\t<div class=\"elementor-element elementor-element-ac010d3 elementor-align-left elementor-widget elementor-widget-bdevs-banner\" data-id=\"ac010d3\" data-element_type=\"widget\" data-widget_type=\"bdevs-banner.default\">\n\t\t\t\t<div class=\"elementor-widget-container\">\n\t\t\t\t\t\t\t<!-- breadcrumb-area -->\r\n        <section class=\"breadcrumb-area d-flex align-items-center\" style=\"background-image:url(https:\/\/ozelklinikabir.com\/wp-content\/uploads\/2020\/11\/test-bg.png)\">\r\n            <div class=\"container\">\r\n                <div class=\"row\">\r\n                    <div class=\"col-xl-6 offset-xl-3 col-lg-8 offset-lg-2\">\r\n                        <div class=\"breadcrumb-wrap text-center\">\r\n                            <div class=\"breadcrumb-title mb-30\">\r\n                                <h2>Bran\u015flar\u0131m\u0131z<\/h2>                                    \r\n                            <\/div>\r\n                                                        <nav aria-label=\"breadcrumb\">\r\n                                <ol class=\"breadcrumb\">\r\n                                    <li class=\"breadcrumb-item\"><a href=\"https:\/\/ozelklinikabir.com\/ar\/\">Anasayfa<\/a><\/li>\r\n                                    <li class=\"breadcrumb-item active\" aria-current=\"page\">Bran\u015flar\u0131m\u0131z<\/li>\r\n                                <\/ol>\r\n                            <\/nav>\r\n                        \t                        <\/div>\r\n                    <\/div>\r\n                <\/div>\r\n            <\/div>\r\n        <\/section>\r\n        <!-- breadcrumb-area-end -->\r\n\t\t\t\t\t<\/div>\n\t\t\t\t<\/div>\n\t\t\t\t\t<\/div>\n\t\t<\/div>\n\t\t\t\t\t<\/div>\n\t\t<\/section>\n\t\t\t\t<section class=\"elementor-section elementor-top-section elementor-element elementor-element-57df17b elementor-section-full_width elementor-section-height-default elementor-section-height-default\" data-id=\"57df17b\" data-element_type=\"section\">\n\t\t\t\t\t\t<div class=\"elementor-container elementor-column-gap-no\">\n\t\t\t\t\t<div class=\"elementor-column elementor-col-100 elementor-top-column elementor-element elementor-element-b0ebe2e\" data-id=\"b0ebe2e\" data-element_type=\"column\">\n\t\t\t<div class=\"elementor-widget-wrap elementor-element-populated\">\n\t\t\t\t\t\t<div class=\"elementor-element elementor-element-c2c8e7f elementor-align-left elementor-widget elementor-widget-bdevs-project\" data-id=\"c2c8e7f\" data-element_type=\"widget\" data-widget_type=\"bdevs-project.default\">\n\t\t\t\t<div class=\"elementor-widget-container\">\n\t\t\t\t\t\t\t<!-- department-area -->\n        <section class=\"department-area cta-bg pb-70 mt-10 fix\" style=\"background-image:url(https:\/\/ozelklinikabir.com\/wp-content\/uploads\/2023\/02\/an-bg05.png); background-size: contain;\">\n            <div class=\"container\">\n                <div class=\"row align-items-center\">\n                    <div class=\"col-lg-6\">\n                        <div class=\"section-title mb-50  \" >\n                        \t                                                    <\/div>\n                        <ul>\n                        \t\t\t\t\t\t\t\t\t\t\t\t\t\t\t                            <li>\n                                <div class=\"icon\">\n                                    <div><img decoding=\"async\" src=\"\" alt=\"icon\"><\/div>\n                                <\/div> \n                                <a href=\"\" class=\"text\">\n                                    <h3>\u0130mplant Uygulamas\u0131<\/h3>\n                                                                    <\/a>\n                            <\/li>\n                        \t\t\t\t\t\t\t\t\t\t\t\t\t\t\t                            <li>\n                                <div class=\"icon\">\n                                    <div><img decoding=\"async\" src=\"\" alt=\"icon\"><\/div>\n                                <\/div> \n                                <a href=\"\" class=\"text\">\n                                    <h3>G\u00fcl\u00fc\u015f Tasar\u0131m\u0131 (Zirkon Kaplama, Porselen Lamina)<\/h3>\n                                                                    <\/a>\n                            <\/li>\n                        \t\t\t\t\t\t\t\t\t\t\t\t\t\t\t                            <li>\n                                <div class=\"icon\">\n                                    <div><img decoding=\"async\" src=\"\" alt=\"icon\"><\/div>\n                                <\/div> \n                                <a href=\"\" class=\"text\">\n                                    <h3>Protetik Di\u015f Tedavisi<\/h3>\n                                                                    <\/a>\n                            <\/li>\n                        \t\t\t\t\t\t\t\t\t\t\t\t\t\t\t                            <li>\n                                <div class=\"icon\">\n                                    <div><img decoding=\"async\" src=\"\" alt=\"icon\"><\/div>\n                                <\/div> \n                                <a href=\"\" class=\"text\">\n                                    <h3>A\u011f\u0131z Di\u015f ve \u00c7ene Cerrahisi<\/h3>\n                                                                    <\/a>\n                            <\/li>\n                        \t\t\t\t\t\t\t\t\t\t\t\t\t\t\t                            <li>\n                                <div class=\"icon\">\n                                    <div><img decoding=\"async\" src=\"\" alt=\"icon\"><\/div>\n                                <\/div> \n                                <a href=\"\" class=\"text\">\n                                    <h3>Periodontoloji (Di\u015f Eti Tedavileri)<\/h3>\n                                                                    <\/a>\n                            <\/li>\n                        \t\t\t\t\t\t\t\t\t\t\t\t\t\t\t                            <li>\n                                <div class=\"icon\">\n                                    <div><img decoding=\"async\" src=\"\" alt=\"icon\"><\/div>\n                                <\/div> \n                                <a href=\"\" class=\"text\">\n                                    <h3>Endodonti (Kanal Tedavisi)<\/h3>\n                                                                    <\/a>\n                            <\/li>\n                        \t\t\t\t\t\t\t\t\t\t\t\t\t\t\t                            <li>\n                                <div class=\"icon\">\n                                    <div><img decoding=\"async\" src=\"\" alt=\"icon\"><\/div>\n                                <\/div> \n                                <a href=\"\" class=\"text\">\n                                    <h3>Restoratif Di\u015f Hekimli\u011fi (Dolgu, Kompozit Lamina)<\/h3>\n                                                                    <\/a>\n                            <\/li>\n                        \t\t\t\t\t\t\t\t\t\t\t\t\t\t\t                            <li>\n                                <div class=\"icon\">\n                                    <div><img decoding=\"async\" src=\"\" alt=\"icon\"><\/div>\n                                <\/div> \n                                <a href=\"\" class=\"text\">\n                                    <h3>Ortodonti (Di\u015f Teli)<\/h3>\n                                                                    <\/a>\n                            <\/li>\n                        \t\t\t\t\t\t\t\t\t\t\t\t\t\t\t                            <li>\n                                <div class=\"icon\">\n                                    <div><img decoding=\"async\" src=\"\" alt=\"icon\"><\/div>\n                                <\/div> \n                                <a href=\"\" class=\"text\">\n                                    <h3>Pedodonti (\u00c7ocuk Di\u015f Hekimli\u011fi)<\/h3>\n                                                                    <\/a>\n                            <\/li>\n                        \t\t\t\t\t\t\t\t\t\t\t\t\t\t\t                            <li>\n                                <div class=\"icon\">\n                                    <div><img decoding=\"async\" src=\"\" alt=\"icon\"><\/div>\n                                <\/div> \n                                <a href=\"\" class=\"text\">\n                                    <h3>Di\u015f Beyazlatma<\/h3>\n                                                                    <\/a>\n                            <\/li>\n                        \t                        <\/ul>\n                                         \n                    <\/div>\n\t\t\t\t    <div class=\"col-lg-6\">\n                        <div class=\"s-d-img p-relative\">\n                            <img decoding=\"async\" src=\"https:\/\/ozelklinikabir.com\/wp-content\/uploads\/2020\/11\/de-illustration.png\" alt=\"img\">\n                            \n                        <\/div>\n                                         \n                    <\/div>\n                <\/div>\n            <\/div>\n        <\/section>\n        <!-- department-area-end -->\n\t\t\t\t\t<\/div>\n\t\t\t\t<\/div>\n\t\t\t\t\t<\/div>\n\t\t<\/div>\n\t\t\t\t\t<\/div>\n\t\t<\/section>\n\t\t\t\t<\/div>\n\t\t","protected":false},"excerpt":{"rendered":"<p>Bran\u015flar\u0131m\u0131z Anasayfa Bran\u015flar\u0131m\u0131z \u0130mplant Uygulamas\u0131 G\u00fcl\u00fc\u015f Tasar\u0131m\u0131 (Zirkon Kaplama, Porselen Lamina) Protetik Di\u015f Tedavisi A\u011f\u0131z Di\u015f ve \u00c7ene Cerrahisi Periodontoloji (Di\u015f Eti Tedavileri) Endodonti (Kanal Tedavisi) Restoratif Di\u015f Hekimli\u011fi (Dolgu, Kompozit Lamina) Ortodonti (Di\u015f Teli) Pedodonti (\u00c7ocuk Di\u015f Hekimli\u011fi) Di\u015f Beyazlatma<\/p>\n","protected":false},"author":1,"featured_media":0,"parent":0,"menu_order":0,"comment_status":"closed","ping_status":"closed","template":"page-templates\/page-builder.php","meta":{"footnotes":""},"class_list":["post-1159","page","type-page","status-publish","hentry"],"_links":{"self":[{"href":"https:\/\/ozelklinikabir.com\/ar\/wp-json\/wp\/v2\/pages\/1159","targetHints":{"allow":["GET"]}}],"collection":[{"href":"https:\/\/ozelklinikabir.com\/ar\/wp-json\/wp\/v2\/pages"}],"about":[{"href":"https:\/\/ozelklinikabir.com\/ar\/wp-json\/wp\/v2\/types\/page"}],"author":[{"embeddable":true,"href":"https:\/\/ozelklinikabir.com\/ar\/wp-json\/wp\/v2\/users\/1"}],"replies":[{"embeddable":true,"href":"https:\/\/ozelklinikabir.com\/ar\/wp-json\/wp\/v2\/comments?post=1159"}],"version-history":[{"count":5,"href":"https:\/\/ozelklinikabir.com\/ar\/wp-json\/wp\/v2\/pages\/1159\/revisions"}],"predecessor-version":[{"id":2265,"href":"https:\/\/ozelklinikabir.com\/ar\/wp-json\/wp\/v2\/pages\/1159\/revisions\/2265"}],"wp:attachment":[{"href":"https:\/\/ozelklinikabir.com\/ar\/wp-json\/wp\/v2\/media?parent=1159"}],"curies":[{"name":"wp","href":"https:\/\/api.w.org\/{rel}","templated":true}]}}